{"id":82,"date":"2024-10-09T01:05:50","date_gmt":"2024-10-09T04:05:50","guid":{"rendered":"https:\/\/forms.headmkt.com\/diagnostico-estrategico\/?page_id=82"},"modified":"2025-12-05T19:12:05","modified_gmt":"2025-12-05T22:12:05","slug":"formulario","status":"publish","type":"page","link":"https:\/\/forms.headmkt.com\/diagnostico-estrategico\/","title":{"rendered":"Formul\u00e1rio"},"content":{"rendered":"\t\t<div data-elementor-type=\"wp-page\" data-elementor-id=\"82\" class=\"elementor elementor-82\" data-elementor-post-type=\"page\">\n\t\t\t\t\t\t<section class=\"elementor-section elementor-top-section elementor-element elementor-element-6e3306b elementor-section-height-min-height elementor-section-boxed elementor-section-height-default elementor-section-items-middle\" data-id=\"6e3306b\" data-element_type=\"section\" data-settings=\"{&quot;background_background&quot;:&quot;classic&quot;}\">\n\t\t\t\t\t\t\t<div class=\"elementor-background-overlay\"><\/div>\n\t\t\t\t\t\t\t<div class=\"elementor-container elementor-column-gap-default\">\n\t\t\t\t\t<div class=\"elementor-column elementor-col-100 elementor-top-column elementor-element elementor-element-30769c1\" data-id=\"30769c1\" data-element_type=\"column\">\n\t\t\t<div class=\"elementor-widget-wrap elementor-element-populated\">\n\t\t\t\t\t\t<div class=\"elementor-element elementor-element-51bdee0 elementor-widget elementor-widget-image\" data-id=\"51bdee0\" data-element_type=\"widget\" data-widget_type=\"image.default\">\n\t\t\t\t<div class=\"elementor-widget-container\">\n\t\t\t\t\t\t\t\t\t\t\t\t\t\t\t<img fetchpriority=\"high\" decoding=\"async\" width=\"534\" height=\"300\" src=\"https:\/\/forms.headmkt.com\/diagnostico-estrategico\/wp-content\/uploads\/2024\/08\/logo-1.png\" class=\"attachment-large size-large wp-image-43\" alt=\"\" srcset=\"https:\/\/forms.headmkt.com\/diagnostico-estrategico\/wp-content\/uploads\/2024\/08\/logo-1.png 534w, https:\/\/forms.headmkt.com\/diagnostico-estrategico\/wp-content\/uploads\/2024\/08\/logo-1-300x169.png 300w\" sizes=\"(max-width: 534px) 100vw, 534px\" \/>\t\t\t\t\t\t\t\t\t\t\t\t\t\t\t<\/div>\n\t\t\t\t<\/div>\n\t\t\t\t<div class=\"elementor-element elementor-element-62eec4d elementor-widget elementor-widget-shortcode\" data-id=\"62eec4d\" data-element_type=\"widget\" data-widget_type=\"shortcode.default\">\n\t\t\t\t<div class=\"elementor-widget-container\">\n\t\t\t\t\t\t\t<div class=\"elementor-shortcode\"><div class='fluentform ff-default fluentform_wrapper_4 ffs_custom_wrap'><form data-form_id=\"4\" id=\"fluentform_4\" class=\"frm-fluent-form fluent_form_4 ff-el-form-top ff_form_instance_4_1 ff-form-loading formulario2 ffs_custom\" data-form_instance=\"ff_form_instance_4_1\" method=\"POST\" ><fieldset  style=\"border: none!important;margin: 0!important;padding: 0!important;background-color: transparent!important;box-shadow: none!important;outline: none!important; min-inline-size: 100%;\">\n                    <legend class=\"ff_screen_reader_title\" style=\"display: block; margin: 0!important;padding: 0!important;height: 0!important;text-indent: -999999px;width: 0!important;overflow:hidden;\">Reuni\u00e3o Estrat\u00e9gica | P\u00e1gina Unica<\/legend><input type='hidden' name='__fluent_form_embded_post_id' value='82' \/><input type=\"hidden\" id=\"_fluentform_4_fluentformnonce\" name=\"_fluentform_4_fluentformnonce\" value=\"e377ae2a44\" \/><input type=\"hidden\" name=\"_wp_http_referer\" value=\"\/diagnostico-estrategico\/wp-json\/wp\/v2\/pages\/82\" \/><div class='ff-el-group'><div class=\"ff-el-input--label ff-el-is-required asterisk-right\"><label for='ff_4_input_text_2' id='label_ff_4_input_text_2' aria-label=\"Qual seu nome e sobrenome?\">Qual seu nome e sobrenome?<\/label><\/div><div class='ff-el-input--content'><input type=\"text\" name=\"input_text_2\" class=\"ff-el-form-control\" placeholder=\"Responda aqui\" data-name=\"input_text_2\" id=\"ff_4_input_text_2\"  aria-invalid=\"false\" aria-required=true><\/div><\/div><div class='ff-el-group'><div class=\"ff-el-input--label ff-el-is-required asterisk-right\"><label for='ff_4_email' id='label_ff_4_email' aria-label=\"Qual seu e-mail?\">Qual seu e-mail?<\/label><\/div><div class='ff-el-input--content'><input type=\"email\" name=\"email\" id=\"ff_4_email\" class=\"ff-el-form-control\" placeholder=\"Responda aqui\" data-name=\"email\"  aria-invalid=\"false\" aria-required=true><\/div><\/div><div class='ff-el-group'><div class=\"ff-el-input--label ff-el-is-required asterisk-right\"><label for='ff_4_input_mask' id='label_ff_4_input_mask' aria-label=\"Qual seu WhatsApp?\">Qual seu WhatsApp?<\/label><\/div><div class='ff-el-input--content'><input type=\"text\" name=\"input_mask\" data-mask=\"(00) 0 0000-0000\" class=\"ff-el-form-control\" placeholder=\"(48) 9 9999-9999\" data-name=\"input_mask\" id=\"ff_4_input_mask\"  aria-invalid=\"false\" aria-required=true><\/div><\/div><div class='ff-el-group'><div class=\"ff-el-input--label ff-el-is-required asterisk-right\"><label for='ff_4_instagram' id='label_ff_4_instagram' aria-label=\"Qual seu @ do instagram?\">Qual seu @ do instagram?<\/label><\/div><div class='ff-el-input--content'><input type=\"text\" name=\"instagram\" class=\"ff-el-form-control\" placeholder=\"Responda aqui\" data-name=\"instagram\" id=\"ff_4_instagram\"  aria-invalid=\"false\" aria-required=true><\/div><\/div><div class='ff-el-group'><div class=\"ff-el-input--label ff-el-is-required asterisk-right\"><label for='ff_4_especialidade' id='label_ff_4_especialidade' aria-label=\"Qual a sua especialidade?\">Qual a sua especialidade?<\/label><\/div><div class='ff-el-input--content'><select name=\"especialidade\" id=\"ff_4_especialidade\" class=\"ff-el-form-control\" data-name=\"especialidade\" data-calc_value=\"0\"  aria-invalid=\"false\" aria-required=\"true\" aria-labelledby=\"label_ff_4_especialidade\"><option value=\"\">Selecione<\/option><option value=\"Cardiologia\"  >Cardiologia<\/option><option value=\"Cirurgia Cardiovascular\"  >Cirurgia Cardiovascular<\/option><option value=\"Cirurgia da M\u00e3o\"  >Cirurgia da M\u00e3o<\/option><option value=\"Cirurgia de Cabe\u00e7a e Pesco\u00e7o\"  >Cirurgia de Cabe\u00e7a e Pesco\u00e7o<\/option><option value=\"Cirurgia do Aparelho Digestivo\"  >Cirurgia do Aparelho Digestivo<\/option><option value=\"Cirurgia Geral\"  >Cirurgia Geral<\/option><option value=\"Cirurgia Pl\u00e1stica\"  >Cirurgia Pl\u00e1stica<\/option><option value=\"Cirurgia Tor\u00e1cica\"  >Cirurgia Tor\u00e1cica<\/option><option value=\"Cirurgia Vascular\"  >Cirurgia Vascular<\/option><option value=\"Coloproctologia\"  >Coloproctologia<\/option><option value=\"Dermatologia\"  >Dermatologia<\/option><option value=\"Endocrinologia\"  >Endocrinologia<\/option><option value=\"Gastroenterologia\"  >Gastroenterologia<\/option><option value=\"Geriatria\"  >Geriatria<\/option><option value=\"Ginecologia e Obstetr\u00edcia\"  >Ginecologia e Obstetr\u00edcia<\/option><option value=\"Hematologia e Hemoterapia\"  >Hematologia e Hemoterapia<\/option><option value=\"Infectologia\"  >Infectologia<\/option><option value=\"Mastologia\"  >Mastologia<\/option><option value=\"Medicina do Trabalho\"  >Medicina do Trabalho<\/option><option value=\"Medicina Esportiva\"  >Medicina Esportiva<\/option><option value=\"Medicina Est\u00e9tica\"  >Medicina Est\u00e9tica<\/option><option value=\"Nefrologia\"  >Nefrologia<\/option><option value=\"Neurocirurgia\"  >Neurocirurgia<\/option><option value=\"Neurologia\"  >Neurologia<\/option><option value=\"Nutrologia\"  >Nutrologia<\/option><option value=\"Oftalmologia\"  >Oftalmologia<\/option><option value=\"Oncologia\"  >Oncologia<\/option><option value=\"Ortopedia e Traumatologia\"  >Ortopedia e Traumatologia<\/option><option value=\"Otorrinolaringologia\"  >Otorrinolaringologia<\/option><option value=\"Pediatria\"  >Pediatria<\/option><option value=\"Pneumologia\"  >Pneumologia<\/option><option value=\"Psiquiatria\"  >Psiquiatria<\/option><option value=\"Reumatologia\"  >Reumatologia<\/option><option value=\"Urologia\"  >Urologia<\/option><option value=\"Outra\"  >Outra<\/option><\/select><\/div><\/div><div class='ff-el-group'><div class=\"ff-el-input--label ff-el-is-required asterisk-right\"><label for='ff_4_dropdown' id='label_ff_4_dropdown' aria-label=\"Qual \u00e9 o faturamento m\u00e9dio mensal da cl\u00ednica?\">Qual \u00e9 o faturamento m\u00e9dio mensal da cl\u00ednica?<\/label><\/div><div class='ff-el-input--content'><select name=\"dropdown\" id=\"ff_4_dropdown\" class=\"ff-el-form-control\" data-name=\"dropdown\" data-calc_value=\"0\"  aria-invalid=\"false\" aria-required=\"true\" aria-labelledby=\"label_ff_4_dropdown\"><option value=\"\">Escolha uma op\u00e7\u00e3o<\/option><option value=\"At\u00e9 R$ 30 mil\"  >At\u00e9 R$ 30 mil<\/option><option value=\"De R$ 30 mil a R$ 60 mil\"  >De R$ 30 mil a R$ 60 mil<\/option><option value=\"De R$ 60 mil a R$ 80 mil\"  >De R$ 60 mil a R$ 80 mil<\/option><option value=\"De R$ 80 mil a R$ 100 mil\"  >De R$ 80 mil a R$ 100 mil<\/option><option value=\"Acima de R$ 100 mil\"  >Acima de R$ 100 mil<\/option><\/select><\/div><\/div><div class='ff-el-group'><div class=\"ff-el-input--label ff-el-is-required asterisk-right\"><label for='ff_4_multi_select_1' id='label_ff_4_multi_select_1' aria-label=\"Qual \u00e9 o principal objetivo ao buscar nossa ajuda?\">Qual \u00e9 o principal objetivo ao buscar nossa ajuda?<\/label><\/div><div class='ff-el-input--content'><select name=\"multi_select_1[]\" id=\"ff_4_multi_select_1\" class=\"ff-el-form-control  ff_has_multi_select\" placeholder=\"Voc\u00ea pode marcar mais de uma op\u00e7\u00e3o\" multiple=\"1\" data-name=\"multi_select_1\" data-calc_value=\"0\"  aria-invalid=\"false\" aria-required=\"true\" aria-labelledby=\"label_ff_4_multi_select_1\"><option value=\"\">Voc\u00ea pode marcar mais de uma op\u00e7\u00e3o<\/option><option value=\"Atrair mais pacientes qualificados\"  >Atrair mais pacientes qualificados<\/option><option value=\"Melhorar meu posicionamento e autoridade\"  >Melhorar meu posicionamento e autoridade<\/option><option value=\"Organizar e profissionalizar minha comunica\u00e7\u00e3o\"  >Organizar e profissionalizar minha comunica\u00e7\u00e3o<\/option><option value=\"Ter uma presen\u00e7a digital estrat\u00e9gica\"  >Ter uma presen\u00e7a digital estrat\u00e9gica<\/option><option value=\"Crescer com consist\u00eancia e previsibilidade\"  >Crescer com consist\u00eancia e previsibilidade<\/option><\/select><\/div><\/div><div class='ff-el-group ff-text-left ff_submit_btn_wrapper'><button type=\"submit\" class=\"ff-btn ff-btn-submit ff-btn-md ff_btn_style\"  aria-label=\"Enviar\">Enviar<\/button><\/div><\/fieldset><\/form><div id='fluentform_4_errors' class='ff-errors-in-stack ff_form_instance_4_1 ff-form-loading_errors ff_form_instance_4_1_errors'><\/div><\/div>            <script type=\"text\/javascript\">\n                window.fluent_form_ff_form_instance_4_1 = {\"id\":\"4\",\"settings\":{\"layout\":{\"labelPlacement\":\"top\",\"helpMessagePlacement\":\"with_label\",\"errorMessagePlacement\":\"inline\"},\"restrictions\":{\"denyEmptySubmission\":{\"enabled\":false}}},\"form_instance\":\"ff_form_instance_4_1\",\"form_id_selector\":\"fluentform_4\",\"rules\":{\"input_text_2\":{\"required\":{\"value\":true,\"message\":\"Este campo \\u00e9 obrigat\\u00f3rio\",\"global_message\":\"Este campo \\u00e9 obrigat\\u00f3rio\",\"global\":true}},\"email\":{\"required\":{\"value\":true,\"message\":\"Este campo \\u00e9 obrigat\\u00f3rio\",\"global_message\":\"Este campo \\u00e9 obrigat\\u00f3rio\",\"global\":true},\"email\":{\"value\":true,\"message\":\"Este campo deve conter um e-mail v\\u00e1lido\",\"global_message\":\"Este campo deve conter um e-mail v\\u00e1lido\",\"global\":true}},\"input_mask\":{\"required\":{\"value\":true,\"message\":\"Este campo \\u00e9 obrigat\\u00f3rio\",\"global_message\":\"Este campo \\u00e9 obrigat\\u00f3rio\",\"global\":true}},\"instagram\":{\"required\":{\"value\":true,\"message\":\"Este campo \\u00e9 obrigat\\u00f3rio\",\"global_message\":\"Este campo \\u00e9 obrigat\\u00f3rio\",\"global\":true}},\"especialidade\":{\"required\":{\"value\":true,\"message\":\"Este campo \\u00e9 obrigat\\u00f3rio\",\"global_message\":\"Este campo \\u00e9 obrigat\\u00f3rio\",\"global\":true}},\"dropdown\":{\"required\":{\"value\":true,\"message\":\"Este campo \\u00e9 obrigat\\u00f3rio\",\"global_message\":\"Este campo \\u00e9 obrigat\\u00f3rio\",\"global\":true}},\"multi_select_1\":{\"required\":{\"value\":true,\"message\":\"Este campo \\u00e9 obrigat\\u00f3rio\",\"global_message\":\"Este campo \\u00e9 obrigat\\u00f3rio\",\"global\":true}}},\"debounce_time\":300};\n                            <\/script>\n            <\/div>\n\t\t\t\t\t\t<\/div>\n\t\t\t\t<\/div>\n\t\t\t\t\t<\/div>\n\t\t<\/div>\n\t\t\t\t\t<\/div>\n\t\t<\/section>\n\t\t\t\t<\/div>\n\t\t","protected":false},"excerpt":{"rendered":"","protected":false},"author":1,"featured_media":0,"parent":0,"menu_order":0,"comment_status":"closed","ping_status":"closed","template":"elementor_canvas","meta":{"footnotes":""},"class_list":["post-82","page","type-page","status-publish","hentry"],"yoast_head":"<!-- This site is optimized with the Yoast SEO Premium plugin v23.5 (Yoast SEO v23.5) - https:\/\/yoast.com\/wordpress\/plugins\/seo\/ -->\n<title>Diagn\u00f3stico Estrat\u00e9gico - Ag\u00eancia Head - Especializada em marketing m\u00e9dico<\/title>\n<meta name=\"description\" content=\"Somos uma ag\u00eancia de marketing m\u00e9dico, especializada em construir autoridade e valorizar m\u00e9dicos.\" \/>\n<meta name=\"robots\" content=\"index, follow, max-snippet:-1, max-image-preview:large, max-video-preview:-1\" \/>\n<link rel=\"canonical\" href=\"https:\/\/forms.headmkt.com\/diagnostico-estrategico\/\" \/>\n<meta property=\"og:locale\" content=\"pt_BR\" \/>\n<meta property=\"og:type\" content=\"article\" \/>\n<meta property=\"og:title\" content=\"Diagn\u00f3stico Estrat\u00e9gico - Ag\u00eancia Head - Especializada em marketing m\u00e9dico\" \/>\n<meta property=\"og:description\" content=\"Somos uma ag\u00eancia de marketing m\u00e9dico, especializada em construir autoridade e valorizar m\u00e9dicos.\" \/>\n<meta property=\"og:url\" content=\"https:\/\/forms.headmkt.com\/diagnostico-estrategico\/\" \/>\n<meta property=\"og:site_name\" content=\"Diagn\u00f3stico Estrat\u00e9gico | HEAD Marketing M\u00e9dico\" \/>\n<meta property=\"article:modified_time\" content=\"2025-12-05T22:12:05+00:00\" \/>\n<meta property=\"og:image\" content=\"https:\/\/forms.headmkt.com\/diagnostico-estrategico\/wp-content\/uploads\/2024\/08\/social.png\" \/>\n\t<meta property=\"og:image:width\" content=\"1200\" \/>\n\t<meta property=\"og:image:height\" content=\"675\" \/>\n\t<meta property=\"og:image:type\" content=\"image\/png\" \/>\n<meta name=\"twitter:card\" content=\"summary_large_image\" \/>\n<meta name=\"twitter:title\" content=\"Diagn\u00f3stico Estrat\u00e9gico - Ag\u00eancia Head - Especializada em marketing m\u00e9dico\" \/>\n<meta name=\"twitter:description\" content=\"Somos uma ag\u00eancia de marketing m\u00e9dico, especializada em construir autoridade e valorizar m\u00e9dicos.\" \/>\n<meta name=\"twitter:image\" content=\"https:\/\/forms.headmkt.com\/diagnostico-estrategico\/wp-content\/uploads\/2024\/08\/social.png\" \/>\n<meta name=\"twitter:label1\" content=\"Est. tempo de leitura\" \/>\n\t<meta name=\"twitter:data1\" content=\"1 minuto\" \/>\n<script type=\"application\/ld+json\" class=\"yoast-schema-graph\">{\"@context\":\"https:\/\/schema.org\",\"@graph\":[{\"@type\":\"WebPage\",\"@id\":\"https:\/\/forms.headmkt.com\/diagnostico-estrategico\/\",\"url\":\"https:\/\/forms.headmkt.com\/diagnostico-estrategico\/\",\"name\":\"Diagn\u00f3stico Estrat\u00e9gico - Ag\u00eancia Head - Especializada em marketing m\u00e9dico\",\"isPartOf\":{\"@id\":\"https:\/\/forms.headmkt.com\/reuniao-estrategica\/#website\"},\"primaryImageOfPage\":{\"@id\":\"https:\/\/forms.headmkt.com\/diagnostico-estrategico\/#primaryimage\"},\"image\":{\"@id\":\"https:\/\/forms.headmkt.com\/diagnostico-estrategico\/#primaryimage\"},\"thumbnailUrl\":\"https:\/\/forms.headmkt.com\/diagnostico-estrategico\/wp-content\/uploads\/2024\/08\/logo-1.png\",\"datePublished\":\"2024-10-09T04:05:50+00:00\",\"dateModified\":\"2025-12-05T22:12:05+00:00\",\"description\":\"Somos uma ag\u00eancia de marketing m\u00e9dico, especializada em construir autoridade e valorizar m\u00e9dicos.\",\"breadcrumb\":{\"@id\":\"https:\/\/forms.headmkt.com\/diagnostico-estrategico\/#breadcrumb\"},\"inLanguage\":\"pt-BR\",\"potentialAction\":[{\"@type\":\"ReadAction\",\"target\":[\"https:\/\/forms.headmkt.com\/diagnostico-estrategico\/\"]}]},{\"@type\":\"ImageObject\",\"inLanguage\":\"pt-BR\",\"@id\":\"https:\/\/forms.headmkt.com\/diagnostico-estrategico\/#primaryimage\",\"url\":\"https:\/\/forms.headmkt.com\/diagnostico-estrategico\/wp-content\/uploads\/2024\/08\/logo-1.png\",\"contentUrl\":\"https:\/\/forms.headmkt.com\/diagnostico-estrategico\/wp-content\/uploads\/2024\/08\/logo-1.png\",\"width\":534,\"height\":300},{\"@type\":\"BreadcrumbList\",\"@id\":\"https:\/\/forms.headmkt.com\/diagnostico-estrategico\/#breadcrumb\",\"itemListElement\":[{\"@type\":\"ListItem\",\"position\":1,\"name\":\"In\u00edcio\",\"item\":\"https:\/\/forms.headmkt.com\/diagnostico-estrategico\/\"},{\"@type\":\"ListItem\",\"position\":2,\"name\":\"Formul\u00e1rio\"}]},{\"@type\":\"WebSite\",\"@id\":\"https:\/\/forms.headmkt.com\/reuniao-estrategica\/#website\",\"url\":\"https:\/\/forms.headmkt.com\/reuniao-estrategica\/\",\"name\":\"Diagn\u00f3stico Estrat\u00e9gico | HEAD Marketing M\u00e9dico\",\"description\":\"\",\"potentialAction\":[{\"@type\":\"SearchAction\",\"target\":{\"@type\":\"EntryPoint\",\"urlTemplate\":\"https:\/\/forms.headmkt.com\/reuniao-estrategica\/?s={search_term_string}\"},\"query-input\":{\"@type\":\"PropertyValueSpecification\",\"valueRequired\":true,\"valueName\":\"search_term_string\"}}],\"inLanguage\":\"pt-BR\"}]}<\/script>\n<!-- \/ Yoast SEO Premium plugin. -->","yoast_head_json":{"title":"Diagn\u00f3stico Estrat\u00e9gico - Ag\u00eancia Head - Especializada em marketing m\u00e9dico","description":"Somos uma ag\u00eancia de marketing m\u00e9dico, especializada em construir autoridade e valorizar m\u00e9dicos.","robots":{"index":"index","follow":"follow","max-snippet":"max-snippet:-1","max-image-preview":"max-image-preview:large","max-video-preview":"max-video-preview:-1"},"canonical":"https:\/\/forms.headmkt.com\/diagnostico-estrategico\/","og_locale":"pt_BR","og_type":"article","og_title":"Diagn\u00f3stico Estrat\u00e9gico - Ag\u00eancia Head - Especializada em marketing m\u00e9dico","og_description":"Somos uma ag\u00eancia de marketing m\u00e9dico, especializada em construir autoridade e valorizar m\u00e9dicos.","og_url":"https:\/\/forms.headmkt.com\/diagnostico-estrategico\/","og_site_name":"Diagn\u00f3stico Estrat\u00e9gico | HEAD Marketing M\u00e9dico","article_modified_time":"2025-12-05T22:12:05+00:00","og_image":[{"width":1200,"height":675,"url":"https:\/\/forms.headmkt.com\/diagnostico-estrategico\/wp-content\/uploads\/2024\/08\/social.png","type":"image\/png"}],"twitter_card":"summary_large_image","twitter_title":"Diagn\u00f3stico Estrat\u00e9gico - Ag\u00eancia Head - Especializada em marketing m\u00e9dico","twitter_description":"Somos uma ag\u00eancia de marketing m\u00e9dico, especializada em construir autoridade e valorizar m\u00e9dicos.","twitter_image":"https:\/\/forms.headmkt.com\/diagnostico-estrategico\/wp-content\/uploads\/2024\/08\/social.png","twitter_misc":{"Est. tempo de leitura":"1 minuto"},"schema":{"@context":"https:\/\/schema.org","@graph":[{"@type":"WebPage","@id":"https:\/\/forms.headmkt.com\/diagnostico-estrategico\/","url":"https:\/\/forms.headmkt.com\/diagnostico-estrategico\/","name":"Diagn\u00f3stico Estrat\u00e9gico - Ag\u00eancia Head - Especializada em marketing m\u00e9dico","isPartOf":{"@id":"https:\/\/forms.headmkt.com\/reuniao-estrategica\/#website"},"primaryImageOfPage":{"@id":"https:\/\/forms.headmkt.com\/diagnostico-estrategico\/#primaryimage"},"image":{"@id":"https:\/\/forms.headmkt.com\/diagnostico-estrategico\/#primaryimage"},"thumbnailUrl":"https:\/\/forms.headmkt.com\/diagnostico-estrategico\/wp-content\/uploads\/2024\/08\/logo-1.png","datePublished":"2024-10-09T04:05:50+00:00","dateModified":"2025-12-05T22:12:05+00:00","description":"Somos uma ag\u00eancia de marketing m\u00e9dico, especializada em construir autoridade e valorizar m\u00e9dicos.","breadcrumb":{"@id":"https:\/\/forms.headmkt.com\/diagnostico-estrategico\/#breadcrumb"},"inLanguage":"pt-BR","potentialAction":[{"@type":"ReadAction","target":["https:\/\/forms.headmkt.com\/diagnostico-estrategico\/"]}]},{"@type":"ImageObject","inLanguage":"pt-BR","@id":"https:\/\/forms.headmkt.com\/diagnostico-estrategico\/#primaryimage","url":"https:\/\/forms.headmkt.com\/diagnostico-estrategico\/wp-content\/uploads\/2024\/08\/logo-1.png","contentUrl":"https:\/\/forms.headmkt.com\/diagnostico-estrategico\/wp-content\/uploads\/2024\/08\/logo-1.png","width":534,"height":300},{"@type":"BreadcrumbList","@id":"https:\/\/forms.headmkt.com\/diagnostico-estrategico\/#breadcrumb","itemListElement":[{"@type":"ListItem","position":1,"name":"In\u00edcio","item":"https:\/\/forms.headmkt.com\/diagnostico-estrategico\/"},{"@type":"ListItem","position":2,"name":"Formul\u00e1rio"}]},{"@type":"WebSite","@id":"https:\/\/forms.headmkt.com\/reuniao-estrategica\/#website","url":"https:\/\/forms.headmkt.com\/reuniao-estrategica\/","name":"Diagn\u00f3stico Estrat\u00e9gico | HEAD Marketing M\u00e9dico","description":"","potentialAction":[{"@type":"SearchAction","target":{"@type":"EntryPoint","urlTemplate":"https:\/\/forms.headmkt.com\/reuniao-estrategica\/?s={search_term_string}"},"query-input":{"@type":"PropertyValueSpecification","valueRequired":true,"valueName":"search_term_string"}}],"inLanguage":"pt-BR"}]}},"_links":{"self":[{"href":"https:\/\/forms.headmkt.com\/diagnostico-estrategico\/wp-json\/wp\/v2\/pages\/82","targetHints":{"allow":["GET"]}}],"collection":[{"href":"https:\/\/forms.headmkt.com\/diagnostico-estrategico\/wp-json\/wp\/v2\/pages"}],"about":[{"href":"https:\/\/forms.headmkt.com\/diagnostico-estrategico\/wp-json\/wp\/v2\/types\/page"}],"author":[{"embeddable":true,"href":"https:\/\/forms.headmkt.com\/diagnostico-estrategico\/wp-json\/wp\/v2\/users\/1"}],"replies":[{"embeddable":true,"href":"https:\/\/forms.headmkt.com\/diagnostico-estrategico\/wp-json\/wp\/v2\/comments?post=82"}],"version-history":[{"count":49,"href":"https:\/\/forms.headmkt.com\/diagnostico-estrategico\/wp-json\/wp\/v2\/pages\/82\/revisions"}],"predecessor-version":[{"id":217,"href":"https:\/\/forms.headmkt.com\/diagnostico-estrategico\/wp-json\/wp\/v2\/pages\/82\/revisions\/217"}],"wp:attachment":[{"href":"https:\/\/forms.headmkt.com\/diagnostico-estrategico\/wp-json\/wp\/v2\/media?parent=82"}],"curies":[{"name":"wp","href":"https:\/\/api.w.org\/{rel}","templated":true}]}}